{"id":465,"date":"2024-03-24T17:31:01","date_gmt":"2024-03-24T16:31:01","guid":{"rendered":"https:\/\/www.nate-prod.com\/?page_id=465"},"modified":"2025-08-03T22:02:13","modified_gmt":"2025-08-03T20:02:13","slug":"corporate","status":"publish","type":"page","link":"https:\/\/www.nate-prod.com\/?page_id=465","title":{"rendered":"CORPORATE"},"content":{"rendered":"\n<p class=\"has-text-align-center has-black-color has-text-color has-link-color wp-elements-b9f7bfb35f4cf1ff6b884120d388e7ba\"><strong>Captivez votre public avec des visuels exceptionnels !<\/strong><\/p>\n\n\n\n<p class=\"has-text-align-center has-black-color has-text-color has-link-color wp-elements-7787da2b7be8417c2f664c94e6a8ebd6\">Que vous soyez restaurateur \u00e0 Voiron ou Grenoble \u00e0 la recherche de photos professionnelles pour mettre en valeur vos plats et l&rsquo;ambiance unique de votre \u00e9tablissement, ou artiste en qu\u00eate d&rsquo;un photographe pour r\u00e9aliser un clip musical cr\u00e9atif et percutant, je suis l\u00e0 pour donner vie \u00e0 vos projets.<\/p>\n\n\n\n<p class=\"has-text-align-center has-black-color has-text-color has-link-color wp-elements-2efe1673e7f97795ff4187dda4a9a7df\">Sp\u00e9cialis\u00e9 dans la photographie culinaire et la vid\u00e9ographie professionnelle, je vous propose des services sur mesure, adapt\u00e9s \u00e0 vos besoins sp\u00e9cifiques. Avec un regard expert et une approche personnalis\u00e9e, je capture l\u2019essence de votre entreprise ou de votre art pour cr\u00e9er des visuels qui se d\u00e9marquent. Nate Photography est l\u00e0 pour sublimer votre image et attirer l&rsquo;attention de votre client\u00e8le, que ce soit \u00e0 Voiron, Grenoble, Lyon ou au-del\u00e0.<\/p>\n\n\n\n<p class=\"has-black-color has-text-color has-link-color wp-elements-9320a3d265e786b132b67a71cb06fb9a\">&nbsp;<\/p>\n\n\n\n<div class=\"wp-block-cover aligncenter is-repeated\"><div role=\"img\" aria-label=\"Nate Photography, photographe corporate, institutionnel, pour les restaurateurs, sur Voiron 38, Grenoble 38, toute la r\u00e9gion Rh\u00f4ne-Alpes et Lyon 69\" class=\"wp-block-cover__image-background wp-image-447 is-repeated\" style=\"background-position:48% 83%;background-image:url(http:\/\/www.nate-prod.com\/wp-content\/uploads\/2024\/03\/DSC00172.jpg)\"><\/div><span aria-hidden=\"true\" class=\"wp-block-cover__background has-medium-black-background-color has-background-dim-40 has-background-dim\"><\/span><div class=\"wp-block-cover__inner-container is-layout-flow wp-block-cover-is-layout-flow\">\n<p class=\"has-text-align-center has-white-color has-text-color has-link-color has-large-font-size wp-elements-20c21ac009c308934e002460484ccd07\"><a href=\"https:\/\/www.nate-prod.com\/?page_id=779\">RESTAURATION<\/a><\/p>\n<\/div><\/div>\n\n\n\n<div class=\"wp-block-cover aligncenter\"><img loading=\"lazy\" decoding=\"async\" width=\"1222\" height=\"815\" class=\"wp-block-cover__image-background wp-image-775\" alt=\"\" src=\"https:\/\/www.nate-prod.com\/wp-content\/uploads\/2025\/02\/Miniature.jpg\" style=\"object-position:53% 0%\" data-object-fit=\"cover\" data-object-position=\"53% 0%\" srcset=\"https:\/\/www.nate-prod.com\/wp-content\/uploads\/2025\/02\/Miniature.jpg 1222w, https:\/\/www.nate-prod.com\/wp-content\/uploads\/2025\/02\/Miniature-300x200.jpg 300w, https:\/\/www.nate-prod.com\/wp-content\/uploads\/2025\/02\/Miniature-1024x683.jpg 1024w, https:\/\/www.nate-prod.com\/wp-content\/uploads\/2025\/02\/Miniature-768x512.jpg 768w\" sizes=\"auto, (max-width: 1222px) 100vw, 1222px\" \/><span aria-hidden=\"true\" class=\"wp-block-cover__background has-medium-black-background-color has-background-dim-40 has-background-dim\"><\/span><div class=\"wp-block-cover__inner-container is-layout-flow wp-block-cover-is-layout-flow\">\n<p class=\"has-text-align-center has-white-color has-text-color has-link-color has-large-font-size wp-elements-b4dc498d940e0a7fc2752b4fed116820\"><a href=\"https:\/\/www.nate-prod.com\/?page_id=650\">CLIPS<\/a><\/p>\n<\/div><\/div>\n\n\n\n<p><\/p>\n","protected":false},"excerpt":{"rendered":"<p>Captivez votre public avec des visuels exceptionnels ! Que vous soyez restaurateur \u00e0 Voiron ou Grenoble \u00e0 la recherche de photos professionnelles pour mettre en valeur vos plats et l&rsquo;ambiance unique de votre \u00e9tablissement, ou artiste en qu\u00eate d&rsquo;un photographe pour r\u00e9aliser un clip musical &hellip; <a href=\"https:\/\/www.nate-prod.com\/?page_id=465\" class=\"more-link\"><span>Continue reading<span class=\"screen-reader-text\">CORPORATE<\/span><\/span><\/a><\/p>\n","protected":false},"author":1,"featured_media":0,"parent":0,"menu_order":0,"comment_status":"closed","ping_status":"closed","template":"","meta":{"footnotes":""},"class_list":["post-465","page","type-page","status-publish","hentry"],"yoast_head":"<!-- This site is optimized with the Yoast SEO plugin v27.3 - https:\/\/yoast.com\/product\/yoast-seo-wordpress\/ -->\n<title>CORPORATE - NATE PHOTOGRAPHY<\/title>\n<meta name=\"robots\" content=\"index, follow, max-snippet:-1, max-image-preview:large, max-video-preview:-1\" \/>\n<link rel=\"canonical\" href=\"https:\/\/www.nate-prod.com\/?page_id=465\" \/>\n<meta property=\"og:locale\" content=\"fr_FR\" \/>\n<meta property=\"og:type\" content=\"article\" \/>\n<meta property=\"og:title\" content=\"CORPORATE - NATE PHOTOGRAPHY\" \/>\n<meta property=\"og:description\" content=\"Captivez votre public avec des visuels exceptionnels ! Que vous soyez restaurateur \u00e0 Voiron ou Grenoble \u00e0 la recherche de photos professionnelles pour mettre en valeur vos plats et l&rsquo;ambiance unique de votre \u00e9tablissement, ou artiste en qu\u00eate d&rsquo;un photographe pour r\u00e9aliser un clip musical &hellip; Continue readingCORPORATE\" \/>\n<meta property=\"og:url\" content=\"https:\/\/www.nate-prod.com\/?page_id=465\" \/>\n<meta property=\"og:site_name\" content=\"NATE PHOTOGRAPHY\" \/>\n<meta property=\"article:publisher\" content=\"https:\/\/www.facebook.com\/people\/Nate-Photography\/100087421950863\/?sk=about_contact_and_basic_info\" \/>\n<meta property=\"article:modified_time\" content=\"2025-08-03T20:02:13+00:00\" \/>\n<meta property=\"og:image\" content=\"https:\/\/www.nate-prod.com\/wp-content\/uploads\/2025\/02\/Miniature.jpg\" \/>\n<meta name=\"twitter:card\" content=\"summary_large_image\" \/>\n<meta name=\"twitter:label1\" content=\"Dur\u00e9e de lecture estim\u00e9e\" \/>\n\t<meta name=\"twitter:data1\" content=\"1 minute\" \/>\n<script type=\"application\/ld+json\" class=\"yoast-schema-graph\">{\"@context\":\"https:\\\/\\\/schema.org\",\"@graph\":[{\"@type\":\"WebPage\",\"@id\":\"https:\\\/\\\/www.nate-prod.com\\\/?page_id=465\",\"url\":\"https:\\\/\\\/www.nate-prod.com\\\/?page_id=465\",\"name\":\"CORPORATE - NATE PHOTOGRAPHY\",\"isPartOf\":{\"@id\":\"https:\\\/\\\/www.nate-prod.com\\\/#website\"},\"primaryImageOfPage\":{\"@id\":\"https:\\\/\\\/www.nate-prod.com\\\/?page_id=465#primaryimage\"},\"image\":{\"@id\":\"https:\\\/\\\/www.nate-prod.com\\\/?page_id=465#primaryimage\"},\"thumbnailUrl\":\"https:\\\/\\\/www.nate-prod.com\\\/wp-content\\\/uploads\\\/2025\\\/02\\\/Miniature.jpg\",\"datePublished\":\"2024-03-24T16:31:01+00:00\",\"dateModified\":\"2025-08-03T20:02:13+00:00\",\"breadcrumb\":{\"@id\":\"https:\\\/\\\/www.nate-prod.com\\\/?page_id=465#breadcrumb\"},\"inLanguage\":\"fr-FR\",\"potentialAction\":[{\"@type\":\"ReadAction\",\"target\":[\"https:\\\/\\\/www.nate-prod.com\\\/?page_id=465\"]}]},{\"@type\":\"ImageObject\",\"inLanguage\":\"fr-FR\",\"@id\":\"https:\\\/\\\/www.nate-prod.com\\\/?page_id=465#primaryimage\",\"url\":\"https:\\\/\\\/www.nate-prod.com\\\/wp-content\\\/uploads\\\/2025\\\/02\\\/Miniature.jpg\",\"contentUrl\":\"https:\\\/\\\/www.nate-prod.com\\\/wp-content\\\/uploads\\\/2025\\\/02\\\/Miniature.jpg\"},{\"@type\":\"BreadcrumbList\",\"@id\":\"https:\\\/\\\/www.nate-prod.com\\\/?page_id=465#breadcrumb\",\"itemListElement\":[{\"@type\":\"ListItem\",\"position\":1,\"name\":\"Home\",\"item\":\"https:\\\/\\\/www.nate-prod.com\\\/\"},{\"@type\":\"ListItem\",\"position\":2,\"name\":\"CORPORATE\"}]},{\"@type\":\"WebSite\",\"@id\":\"https:\\\/\\\/www.nate-prod.com\\\/#website\",\"url\":\"https:\\\/\\\/www.nate-prod.com\\\/\",\"name\":\"NATE PHOTOGRAPHY\",\"description\":\"photographe et vid\u00e9aste pour particuliers et professionnels\",\"publisher\":{\"@id\":\"https:\\\/\\\/www.nate-prod.com\\\/#organization\"},\"potentialAction\":[{\"@type\":\"SearchAction\",\"target\":{\"@type\":\"EntryPoint\",\"urlTemplate\":\"https:\\\/\\\/www.nate-prod.com\\\/?s={search_term_string}\"},\"query-input\":{\"@type\":\"PropertyValueSpecification\",\"valueRequired\":true,\"valueName\":\"search_term_string\"}}],\"inLanguage\":\"fr-FR\"},{\"@type\":\"Organization\",\"@id\":\"https:\\\/\\\/www.nate-prod.com\\\/#organization\",\"name\":\"NATE PHOTOGRAPHY\",\"url\":\"https:\\\/\\\/www.nate-prod.com\\\/\",\"logo\":{\"@type\":\"ImageObject\",\"inLanguage\":\"fr-FR\",\"@id\":\"https:\\\/\\\/www.nate-prod.com\\\/#\\\/schema\\\/logo\\\/image\\\/\",\"url\":\"http:\\\/\\\/www.nate-prod.com\\\/wp-content\\\/uploads\\\/2024\\\/01\\\/DSC9959-3.jpg\",\"contentUrl\":\"http:\\\/\\\/www.nate-prod.com\\\/wp-content\\\/uploads\\\/2024\\\/01\\\/DSC9959-3.jpg\",\"width\":1920,\"height\":1280,\"caption\":\"NATE PHOTOGRAPHY\"},\"image\":{\"@id\":\"https:\\\/\\\/www.nate-prod.com\\\/#\\\/schema\\\/logo\\\/image\\\/\"},\"sameAs\":[\"https:\\\/\\\/www.facebook.com\\\/people\\\/Nate-Photography\\\/100087421950863\\\/?sk=about_contact_and_basic_info\",\"https:\\\/\\\/www.instagram.com\\\/nate_photography_111\\\/?next\"]}]}<\/script>\n<!-- \/ Yoast SEO plugin. -->","yoast_head_json":{"title":"CORPORATE - NATE PHOTOGRAPHY","robots":{"index":"index","follow":"follow","max-snippet":"max-snippet:-1","max-image-preview":"max-image-preview:large","max-video-preview":"max-video-preview:-1"},"canonical":"https:\/\/www.nate-prod.com\/?page_id=465","og_locale":"fr_FR","og_type":"article","og_title":"CORPORATE - NATE PHOTOGRAPHY","og_description":"Captivez votre public avec des visuels exceptionnels ! Que vous soyez restaurateur \u00e0 Voiron ou Grenoble \u00e0 la recherche de photos professionnelles pour mettre en valeur vos plats et l&rsquo;ambiance unique de votre \u00e9tablissement, ou artiste en qu\u00eate d&rsquo;un photographe pour r\u00e9aliser un clip musical &hellip; Continue readingCORPORATE","og_url":"https:\/\/www.nate-prod.com\/?page_id=465","og_site_name":"NATE PHOTOGRAPHY","article_publisher":"https:\/\/www.facebook.com\/people\/Nate-Photography\/100087421950863\/?sk=about_contact_and_basic_info","article_modified_time":"2025-08-03T20:02:13+00:00","og_image":[{"url":"https:\/\/www.nate-prod.com\/wp-content\/uploads\/2025\/02\/Miniature.jpg","type":"","width":"","height":""}],"twitter_card":"summary_large_image","twitter_misc":{"Dur\u00e9e de lecture estim\u00e9e":"1 minute"},"schema":{"@context":"https:\/\/schema.org","@graph":[{"@type":"WebPage","@id":"https:\/\/www.nate-prod.com\/?page_id=465","url":"https:\/\/www.nate-prod.com\/?page_id=465","name":"CORPORATE - NATE PHOTOGRAPHY","isPartOf":{"@id":"https:\/\/www.nate-prod.com\/#website"},"primaryImageOfPage":{"@id":"https:\/\/www.nate-prod.com\/?page_id=465#primaryimage"},"image":{"@id":"https:\/\/www.nate-prod.com\/?page_id=465#primaryimage"},"thumbnailUrl":"https:\/\/www.nate-prod.com\/wp-content\/uploads\/2025\/02\/Miniature.jpg","datePublished":"2024-03-24T16:31:01+00:00","dateModified":"2025-08-03T20:02:13+00:00","breadcrumb":{"@id":"https:\/\/www.nate-prod.com\/?page_id=465#breadcrumb"},"inLanguage":"fr-FR","potentialAction":[{"@type":"ReadAction","target":["https:\/\/www.nate-prod.com\/?page_id=465"]}]},{"@type":"ImageObject","inLanguage":"fr-FR","@id":"https:\/\/www.nate-prod.com\/?page_id=465#primaryimage","url":"https:\/\/www.nate-prod.com\/wp-content\/uploads\/2025\/02\/Miniature.jpg","contentUrl":"https:\/\/www.nate-prod.com\/wp-content\/uploads\/2025\/02\/Miniature.jpg"},{"@type":"BreadcrumbList","@id":"https:\/\/www.nate-prod.com\/?page_id=465#breadcrumb","itemListElement":[{"@type":"ListItem","position":1,"name":"Home","item":"https:\/\/www.nate-prod.com\/"},{"@type":"ListItem","position":2,"name":"CORPORATE"}]},{"@type":"WebSite","@id":"https:\/\/www.nate-prod.com\/#website","url":"https:\/\/www.nate-prod.com\/","name":"NATE PHOTOGRAPHY","description":"photographe et vid\u00e9aste pour particuliers et professionnels","publisher":{"@id":"https:\/\/www.nate-prod.com\/#organization"},"potentialAction":[{"@type":"SearchAction","target":{"@type":"EntryPoint","urlTemplate":"https:\/\/www.nate-prod.com\/?s={search_term_string}"},"query-input":{"@type":"PropertyValueSpecification","valueRequired":true,"valueName":"search_term_string"}}],"inLanguage":"fr-FR"},{"@type":"Organization","@id":"https:\/\/www.nate-prod.com\/#organization","name":"NATE PHOTOGRAPHY","url":"https:\/\/www.nate-prod.com\/","logo":{"@type":"ImageObject","inLanguage":"fr-FR","@id":"https:\/\/www.nate-prod.com\/#\/schema\/logo\/image\/","url":"http:\/\/www.nate-prod.com\/wp-content\/uploads\/2024\/01\/DSC9959-3.jpg","contentUrl":"http:\/\/www.nate-prod.com\/wp-content\/uploads\/2024\/01\/DSC9959-3.jpg","width":1920,"height":1280,"caption":"NATE PHOTOGRAPHY"},"image":{"@id":"https:\/\/www.nate-prod.com\/#\/schema\/logo\/image\/"},"sameAs":["https:\/\/www.facebook.com\/people\/Nate-Photography\/100087421950863\/?sk=about_contact_and_basic_info","https:\/\/www.instagram.com\/nate_photography_111\/?next"]}]}},"_links":{"self":[{"href":"https:\/\/www.nate-prod.com\/index.php?rest_route=\/wp\/v2\/pages\/465","targetHints":{"allow":["GET"]}}],"collection":[{"href":"https:\/\/www.nate-prod.com\/index.php?rest_route=\/wp\/v2\/pages"}],"about":[{"href":"https:\/\/www.nate-prod.com\/index.php?rest_route=\/wp\/v2\/types\/page"}],"author":[{"embeddable":true,"href":"https:\/\/www.nate-prod.com\/index.php?rest_route=\/wp\/v2\/users\/1"}],"replies":[{"embeddable":true,"href":"https:\/\/www.nate-prod.com\/index.php?rest_route=%2Fwp%2Fv2%2Fcomments&post=465"}],"version-history":[{"count":13,"href":"https:\/\/www.nate-prod.com\/index.php?rest_route=\/wp\/v2\/pages\/465\/revisions"}],"predecessor-version":[{"id":3212,"href":"https:\/\/www.nate-prod.com\/index.php?rest_route=\/wp\/v2\/pages\/465\/revisions\/3212"}],"wp:attachment":[{"href":"https:\/\/www.nate-prod.com\/index.php?rest_route=%2Fwp%2Fv2%2Fmedia&parent=465"}],"curies":[{"name":"wp","href":"https:\/\/api.w.org\/{rel}","templated":true}]}}